{"id":380,"date":"2017-07-24T22:41:23","date_gmt":"2017-07-24T20:41:23","guid":{"rendered":"http:\/\/powerkids.at\/?page_id=380"},"modified":"2024-05-21T20:58:26","modified_gmt":"2024-05-21T18:58:26","slug":"impfplan","status":"publish","type":"page","link":"http:\/\/powerkids.at\/en\/impfplan\/","title":{"rendered":"Innoculation Plan"},"content":{"rendered":"<p>[vc_row][vc_column width=&#8221;1\/2&#8243;][vc_column_text]<strong>Liebe Eltern!<\/strong><\/p>\n<p><strong>Um Ihnen eine \u00dcbersicht bez\u00fcglich der empfohlenen Impfungen f\u00fcr Ihre Kinder zu geben, anbei der aktuelle, vom \u00f6sterreichischen Gesundheitsministerium empfohlene Impfplan:<\/strong><\/p>\n<p><a href=\"https:\/\/www.sozialministerium.at\/Themen\/Gesundheit\/Impfen\/Impfplan-%C3%96sterreich.html\">Impfplan \u00d6sterreich<\/a>[\/vc_column_text][\/vc_column][vc_column width=&#8221;1\/2&#8243;][vc_single_image image=&#8221;386&#8243; img_size=&#8221;full&#8221;][\/vc_column][\/vc_row]<\/p>\n","protected":false},"excerpt":{"rendered":"<p>[vc_row][vc_column width=&#8221;1\/2&#8243;][vc_column_text]Liebe Eltern! Um Ihnen eine \u00dcbersicht bez\u00fcglich der empfohlenen Impfungen f\u00fcr Ihre Kinder zu geben, anbei der aktuelle, vom \u00f6sterreichischen Gesundheitsministerium empfohlene Impfplan: Impfplan \u00d6sterreich[\/vc_column_text][\/vc_column][vc_column width=&#8221;1\/2&#8243;][vc_single_image image=&#8221;386&#8243; img_size=&#8221;full&#8221;][\/vc_column][\/vc_row]<\/p>\n","protected":false},"author":1,"featured_media":0,"parent":0,"menu_order":0,"comment_status":"closed","ping_status":"closed","template":"","meta":{"footnotes":""},"translation":{"provider":"WPGlobus","version":"2.12.2","language":"en","enabled_languages":["de","en"],"languages":{"de":{"title":true,"content":true,"excerpt":false},"en":{"title":true,"content":true,"excerpt":false}}},"_links":{"self":[{"href":"http:\/\/powerkids.at\/en\/wp-json\/wp\/v2\/pages\/380"}],"collection":[{"href":"http:\/\/powerkids.at\/en\/wp-json\/wp\/v2\/pages"}],"about":[{"href":"http:\/\/powerkids.at\/en\/wp-json\/wp\/v2\/types\/page"}],"author":[{"embeddable":true,"href":"http:\/\/powerkids.at\/en\/wp-json\/wp\/v2\/users\/1"}],"replies":[{"embeddable":true,"href":"http:\/\/powerkids.at\/en\/wp-json\/wp\/v2\/comments?post=380"}],"version-history":[{"count":12,"href":"http:\/\/powerkids.at\/en\/wp-json\/wp\/v2\/pages\/380\/revisions"}],"predecessor-version":[{"id":623,"href":"http:\/\/powerkids.at\/en\/wp-json\/wp\/v2\/pages\/380\/revisions\/623"}],"wp:attachment":[{"href":"http:\/\/powerkids.at\/en\/wp-json\/wp\/v2\/media?parent=380"}],"curies":[{"name":"wp","href":"https:\/\/api.w.org\/{rel}","templated":true}]}}